{"id":211,"date":"2022-09-27T16:18:34","date_gmt":"2022-09-27T16:18:34","guid":{"rendered":"https:\/\/proker91.hu\/?page_id=211"},"modified":"2022-09-27T16:50:41","modified_gmt":"2022-09-27T16:50:41","slug":"vonalkodolvasok","status":"publish","type":"page","link":"https:\/\/proker91.hu\/?page_id=211","title":{"rendered":"Vonalk\u00f3dolvas\u00f3k"},"content":{"rendered":"\n<div class=\"wp-block-columns is-layout-flex wp-container-4\">\n<div class=\"wp-block-column is-layout-flow\">\n<h2 class=\"wp-block-heading\">1D Vonalk\u00f3dolvas\u00f3k<\/h2>\n\n\n\n<figure class=\"wp-block-gallery has-nested-images columns-default is-cropped wp-block-gallery-1 is-layout-flex\">\n<figure class=\"wp-block-image size-large\"><img decoding=\"async\" loading=\"lazy\" width=\"438\" height=\"438\" src=\"https:\/\/proker91.hu\/wp-content\/uploads\/2022\/09\/zebex3100.jpg\" alt=\"\" class=\"wp-image-232\" srcset=\"https:\/\/proker91.hu\/wp-content\/uploads\/2022\/09\/zebex3100.jpg 438w, https:\/\/proker91.hu\/wp-content\/uploads\/2022\/09\/zebex3100-300x300.jpg 300w, https:\/\/proker91.hu\/wp-content\/uploads\/2022\/09\/zebex3100-150x150.jpg 150w\" sizes=\"(max-width: 438px) 100vw, 438px\" \/><\/figure>\n\n\n\n<figure class=\"wp-block-image size-large\"><img decoding=\"async\" loading=\"lazy\" width=\"438\" height=\"438\" src=\"https:\/\/proker91.hu\/wp-content\/uploads\/2022\/09\/argox_as8060.jpg\" alt=\"\" class=\"wp-image-233\" srcset=\"https:\/\/proker91.hu\/wp-content\/uploads\/2022\/09\/argox_as8060.jpg 438w, https:\/\/proker91.hu\/wp-content\/uploads\/2022\/09\/argox_as8060-300x300.jpg 300w, https:\/\/proker91.hu\/wp-content\/uploads\/2022\/09\/argox_as8060-150x150.jpg 150w\" sizes=\"(max-width: 438px) 100vw, 438px\" \/><\/figure>\n\n\n\n<figure class=\"wp-block-image size-large\"><img decoding=\"async\" loading=\"lazy\" width=\"438\" height=\"438\" src=\"https:\/\/proker91.hu\/wp-content\/uploads\/2022\/09\/datalogics_wq.jpg\" alt=\"\" class=\"wp-image-234\" srcset=\"https:\/\/proker91.hu\/wp-content\/uploads\/2022\/09\/datalogics_wq.jpg 438w, https:\/\/proker91.hu\/wp-content\/uploads\/2022\/09\/datalogics_wq-300x300.jpg 300w, https:\/\/proker91.hu\/wp-content\/uploads\/2022\/09\/datalogics_wq-150x150.jpg 150w\" sizes=\"(max-width: 438px) 100vw, 438px\" \/><\/figure>\n<\/figure>\n<\/div>\n<\/div>\n\n\n\n<div class=\"wp-block-columns is-layout-flex wp-container-11\">\n<div class=\"wp-block-column is-layout-flow\">\n<h2 class=\"wp-block-heading\">2D Vonalk\u00f3dolvas\u00f3k<\/h2>\n\n\n\n<div class=\"wp-block-columns is-layout-flex wp-container-9\">\n<div class=\"wp-block-column is-layout-flow\" style=\"flex-basis:66.66%\">\n<figure class=\"wp-block-gallery has-nested-images columns-default is-cropped wp-block-gallery-5 is-layout-flex\">\n<figure class=\"wp-block-image size-large\"><img decoding=\"async\" loading=\"lazy\" width=\"438\" height=\"438\" src=\"https:\/\/proker91.hu\/wp-content\/uploads\/2022\/09\/sunmi_ns021.jpg\" alt=\"\" class=\"wp-image-237\" srcset=\"https:\/\/proker91.hu\/wp-content\/uploads\/2022\/09\/sunmi_ns021.jpg 438w, https:\/\/proker91.hu\/wp-content\/uploads\/2022\/09\/sunmi_ns021-300x300.jpg 300w, https:\/\/proker91.hu\/wp-content\/uploads\/2022\/09\/sunmi_ns021-150x150.jpg 150w\" sizes=\"(max-width: 438px) 100vw, 438px\" \/><\/figure>\n\n\n\n<figure class=\"wp-block-image size-large\"><img decoding=\"async\" loading=\"lazy\" width=\"438\" height=\"438\" src=\"https:\/\/proker91.hu\/wp-content\/uploads\/2022\/09\/zebex_z3272.jpg\" alt=\"\" class=\"wp-image-236\" srcset=\"https:\/\/proker91.hu\/wp-content\/uploads\/2022\/09\/zebex_z3272.jpg 438w, https:\/\/proker91.hu\/wp-content\/uploads\/2022\/09\/zebex_z3272-300x300.jpg 300w, https:\/\/proker91.hu\/wp-content\/uploads\/2022\/09\/zebex_z3272-150x150.jpg 150w\" sizes=\"(max-width: 438px) 100vw, 438px\" \/><\/figure>\n<\/figure>\n<\/div>\n\n\n\n<div class=\"wp-block-column is-layout-flow\" style=\"flex-basis:33.33%\"><\/div>\n<\/div>\n<\/div>\n<\/div>\n","protected":false},"excerpt":{"rendered":"<p>1D Vonalk\u00f3dolvas\u00f3k 2D Vonalk\u00f3dolvas\u00f3k<\/p>\n","protected":false},"author":1,"featured_media":0,"parent":0,"menu_order":0,"comment_status":"closed","ping_status":"closed","template":"","meta":[],"_links":{"self":[{"href":"https:\/\/proker91.hu\/index.php?rest_route=\/wp\/v2\/pages\/211"}],"collection":[{"href":"https:\/\/proker91.hu\/index.php?rest_route=\/wp\/v2\/pages"}],"about":[{"href":"https:\/\/proker91.hu\/index.php?rest_route=\/wp\/v2\/types\/page"}],"author":[{"embeddable":true,"href":"https:\/\/proker91.hu\/index.php?rest_route=\/wp\/v2\/users\/1"}],"replies":[{"embeddable":true,"href":"https:\/\/proker91.hu\/index.php?rest_route=%2Fwp%2Fv2%2Fcomments&post=211"}],"version-history":[{"count":3,"href":"https:\/\/proker91.hu\/index.php?rest_route=\/wp\/v2\/pages\/211\/revisions"}],"predecessor-version":[{"id":238,"href":"https:\/\/proker91.hu\/index.php?rest_route=\/wp\/v2\/pages\/211\/revisions\/238"}],"wp:attachment":[{"href":"https:\/\/proker91.hu\/index.php?rest_route=%2Fwp%2Fv2%2Fmedia&parent=211"}],"curies":[{"name":"wp","href":"https:\/\/api.w.org\/{rel}","templated":true}]}}