{"id":192,"date":"2022-09-27T15:57:04","date_gmt":"2022-09-27T15:57:04","guid":{"rendered":"https:\/\/proker91.hu\/?page_id=192"},"modified":"2022-09-27T15:57:04","modified_gmt":"2022-09-27T15:57:04","slug":"kasszafiokok-es-penztartok","status":"publish","type":"page","link":"https:\/\/proker91.hu\/?page_id=192","title":{"rendered":"Kasszafi\u00f3kok \u00e9s P\u00e9nztart\u00f3k"},"content":{"rendered":"\n<div class=\"wp-block-columns is-layout-flex wp-container-7\">\n<div class=\"wp-block-column is-layout-flow\">\n<h2 class=\"wp-block-heading\">Kasszafi\u00f3k<\/h2>\n\n\n\n<div class=\"wp-block-columns is-layout-flex wp-container-5\">\n<div class=\"wp-block-column is-layout-flow\" style=\"flex-basis:66.66%\">\n<figure class=\"wp-block-gallery has-nested-images columns-default is-cropped wp-block-gallery-1 is-layout-flex\">\n<figure class=\"wp-block-image size-large\"><img decoding=\"async\" loading=\"lazy\" width=\"800\" height=\"531\" src=\"https:\/\/proker91.hu\/wp-content\/uploads\/2022\/09\/c3540feketekassza3-1.jpg\" alt=\"\" class=\"wp-image-197\" srcset=\"https:\/\/proker91.hu\/wp-content\/uploads\/2022\/09\/c3540feketekassza3-1.jpg 800w, https:\/\/proker91.hu\/wp-content\/uploads\/2022\/09\/c3540feketekassza3-1-300x199.jpg 300w, https:\/\/proker91.hu\/wp-content\/uploads\/2022\/09\/c3540feketekassza3-1-768x510.jpg 768w, https:\/\/proker91.hu\/wp-content\/uploads\/2022\/09\/c3540feketekassza3-1-150x100.jpg 150w, https:\/\/proker91.hu\/wp-content\/uploads\/2022\/09\/c3540feketekassza3-1-226x150.jpg 226w\" sizes=\"(max-width: 800px) 100vw, 800px\" \/><\/figure>\n\n\n\n<figure class=\"wp-block-image size-large\"><img decoding=\"async\" loading=\"lazy\" width=\"775\" height=\"600\" src=\"https:\/\/proker91.hu\/wp-content\/uploads\/2022\/09\/mk-425kasszaopen-1.jpg\" alt=\"\" class=\"wp-image-196\" srcset=\"https:\/\/proker91.hu\/wp-content\/uploads\/2022\/09\/mk-425kasszaopen-1.jpg 775w, https:\/\/proker91.hu\/wp-content\/uploads\/2022\/09\/mk-425kasszaopen-1-300x232.jpg 300w, https:\/\/proker91.hu\/wp-content\/uploads\/2022\/09\/mk-425kasszaopen-1-768x595.jpg 768w, https:\/\/proker91.hu\/wp-content\/uploads\/2022\/09\/mk-425kasszaopen-1-150x116.jpg 150w, https:\/\/proker91.hu\/wp-content\/uploads\/2022\/09\/mk-425kasszaopen-1-194x150.jpg 194w\" sizes=\"(max-width: 775px) 100vw, 775px\" \/><\/figure>\n<\/figure>\n<\/div>\n\n\n\n<div class=\"wp-block-column is-layout-flow\" style=\"flex-basis:33.33%\"><\/div>\n<\/div>\n<\/div>\n<\/div>\n\n\n\n<div class=\"wp-block-columns is-layout-flex wp-container-11\">\n<div class=\"wp-block-column is-layout-flow\">\n<h2 class=\"wp-block-heading\">P\u00e9nztart\u00f3k<\/h2>\n\n\n\n<figure class=\"wp-block-gallery has-nested-images columns-default is-cropped wp-block-gallery-8 is-layout-flex\">\n<figure class=\"wp-block-image size-large\"><img decoding=\"async\" loading=\"lazy\" width=\"800\" height=\"493\" src=\"https:\/\/proker91.hu\/wp-content\/uploads\/2022\/09\/fempenzszortirozo1.jpg\" alt=\"\" class=\"wp-image-200\" srcset=\"https:\/\/proker91.hu\/wp-content\/uploads\/2022\/09\/fempenzszortirozo1.jpg 800w, https:\/\/proker91.hu\/wp-content\/uploads\/2022\/09\/fempenzszortirozo1-300x185.jpg 300w, https:\/\/proker91.hu\/wp-content\/uploads\/2022\/09\/fempenzszortirozo1-768x473.jpg 768w, https:\/\/proker91.hu\/wp-content\/uploads\/2022\/09\/fempenzszortirozo1-150x92.jpg 150w, https:\/\/proker91.hu\/wp-content\/uploads\/2022\/09\/fempenzszortirozo1-243x150.jpg 243w\" sizes=\"(max-width: 800px) 100vw, 800px\" \/><\/figure>\n\n\n\n<figure class=\"wp-block-image size-large\"><img decoding=\"async\" loading=\"lazy\" width=\"800\" height=\"600\" src=\"https:\/\/proker91.hu\/wp-content\/uploads\/2022\/09\/muanyag-kassza-masolata.jpg\" alt=\"\" class=\"wp-image-199\" srcset=\"https:\/\/proker91.hu\/wp-content\/uploads\/2022\/09\/muanyag-kassza-masolata.jpg 800w, https:\/\/proker91.hu\/wp-content\/uploads\/2022\/09\/muanyag-kassza-masolata-300x225.jpg 300w, https:\/\/proker91.hu\/wp-content\/uploads\/2022\/09\/muanyag-kassza-masolata-768x576.jpg 768w, https:\/\/proker91.hu\/wp-content\/uploads\/2022\/09\/muanyag-kassza-masolata-150x113.jpg 150w, https:\/\/proker91.hu\/wp-content\/uploads\/2022\/09\/muanyag-kassza-masolata-200x150.jpg 200w\" sizes=\"(max-width: 800px) 100vw, 800px\" \/><\/figure>\n\n\n\n<figure class=\"wp-block-image size-large\"><img decoding=\"async\" loading=\"lazy\" width=\"604\" height=\"600\" src=\"https:\/\/proker91.hu\/wp-content\/uploads\/2022\/09\/kiskasszaermetalcaval-1.jpg\" alt=\"\" class=\"wp-image-198\" srcset=\"https:\/\/proker91.hu\/wp-content\/uploads\/2022\/09\/kiskasszaermetalcaval-1.jpg 604w, https:\/\/proker91.hu\/wp-content\/uploads\/2022\/09\/kiskasszaermetalcaval-1-300x298.jpg 300w, https:\/\/proker91.hu\/wp-content\/uploads\/2022\/09\/kiskasszaermetalcaval-1-150x150.jpg 150w, https:\/\/proker91.hu\/wp-content\/uploads\/2022\/09\/kiskasszaermetalcaval-1-151x150.jpg 151w\" sizes=\"(max-width: 604px) 100vw, 604px\" \/><\/figure>\n<\/figure>\n<\/div>\n<\/div>\n\n\n\n<div class=\"wp-block-columns is-layout-flex wp-container-14\">\n<div class=\"wp-block-column is-layout-flow\" style=\"flex-basis:33.33%\">\n<figure class=\"wp-block-image size-full\"><img decoding=\"async\" loading=\"lazy\" width=\"600\" height=\"600\" src=\"https:\/\/proker91.hu\/wp-content\/uploads\/2022\/09\/bankjegycsapda.jpg\" alt=\"\" class=\"wp-image-201\" srcset=\"https:\/\/proker91.hu\/wp-content\/uploads\/2022\/09\/bankjegycsapda.jpg 600w, https:\/\/proker91.hu\/wp-content\/uploads\/2022\/09\/bankjegycsapda-300x300.jpg 300w, https:\/\/proker91.hu\/wp-content\/uploads\/2022\/09\/bankjegycsapda-150x150.jpg 150w\" sizes=\"(max-width: 600px) 100vw, 600px\" \/><\/figure>\n<\/div>\n\n\n\n<div class=\"wp-block-column is-layout-flow\" style=\"flex-basis:66.66%\"><\/div>\n<\/div>\n","protected":false},"excerpt":{"rendered":"<p>Kasszafi\u00f3k P\u00e9nztart\u00f3k<\/p>\n","protected":false},"author":1,"featured_media":0,"parent":0,"menu_order":0,"comment_status":"closed","ping_status":"closed","template":"","meta":[],"_links":{"self":[{"href":"https:\/\/proker91.hu\/index.php?rest_route=\/wp\/v2\/pages\/192"}],"collection":[{"href":"https:\/\/proker91.hu\/index.php?rest_route=\/wp\/v2\/pages"}],"about":[{"href":"https:\/\/proker91.hu\/index.php?rest_route=\/wp\/v2\/types\/page"}],"author":[{"embeddable":true,"href":"https:\/\/proker91.hu\/index.php?rest_route=\/wp\/v2\/users\/1"}],"replies":[{"embeddable":true,"href":"https:\/\/proker91.hu\/index.php?rest_route=%2Fwp%2Fv2%2Fcomments&post=192"}],"version-history":[{"count":1,"href":"https:\/\/proker91.hu\/index.php?rest_route=\/wp\/v2\/pages\/192\/revisions"}],"predecessor-version":[{"id":202,"href":"https:\/\/proker91.hu\/index.php?rest_route=\/wp\/v2\/pages\/192\/revisions\/202"}],"wp:attachment":[{"href":"https:\/\/proker91.hu\/index.php?rest_route=%2Fwp%2Fv2%2Fmedia&parent=192"}],"curies":[{"name":"wp","href":"https:\/\/api.w.org\/{rel}","templated":true}]}}